{"id":454,"date":"2025-09-25T17:09:00","date_gmt":"2025-09-25T17:09:00","guid":{"rendered":"https:\/\/www.astro-power.eu\/?page_id=454"},"modified":"2025-09-26T15:10:24","modified_gmt":"2025-09-26T15:10:24","slug":"blog","status":"publish","type":"page","link":"https:\/\/www.astro-power.eu\/?page_id=454","title":{"rendered":"Oportunidades"},"content":{"rendered":"\t\t<div data-elementor-type=\"wp-page\" data-elementor-id=\"454\" class=\"elementor elementor-454\">\n\t\t\t\t<div class=\"elementor-element elementor-element-ebb2e16 e-flex e-con-boxed e-con e-parent\" data-id=\"ebb2e16\" data-element_type=\"container\" data-settings=\"{&quot;background_background&quot;:&quot;gradient&quot;}\">\n\t\t\t\t\t<div class=\"e-con-inner\">\n\t\t\t\t<div class=\"elementor-element elementor-element-212c0b7 elementor-widget elementor-widget-menu-anchor\" data-id=\"212c0b7\" data-element_type=\"widget\" data-widget_type=\"menu-anchor.default\">\n\t\t\t\t<div class=\"elementor-widget-container\">\n\t\t\t\t\t<div class=\"elementor-menu-anchor\" id=\"news\"><\/div>\n\t\t\t\t<\/div>\n\t\t\t\t<\/div>\n\t\t\t\t<div class=\"elementor-element elementor-element-f3f01c7 elementor-widget__width-initial elementor-widget elementor-widget-heading\" data-id=\"f3f01c7\" data-element_type=\"widget\" data-widget_type=\"heading.default\">\n\t\t\t\t<div class=\"elementor-widget-container\">\n\t\t\t<h2 class=\"elementor-heading-title elementor-size-default\">OPORTUNIDADE<\/h2>\t\t<\/div>\n\t\t\t\t<\/div>\n\t\t\t\t<div class=\"elementor-element elementor-element-7a26181 elementor-mobile-align-center elementor-widget elementor-widget-button\" data-id=\"7a26181\" data-element_type=\"widget\" data-widget_type=\"button.default\">\n\t\t\t\t<div class=\"elementor-widget-container\">\n\t\t\t\t\t<div class=\"elementor-button-wrapper\">\n\t\t\t<a class=\"elementor-button elementor-button-link elementor-size-sm\" href=\"https:\/\/www.astro-power.eu\/?page_id=473\">\n\t\t\t\t\t\t<span class=\"elementor-button-content-wrapper\">\n\t\t\t\t\t\t\t\t\t<span class=\"elementor-button-text\">English<\/span>\n\t\t\t\t\t<\/span>\n\t\t\t\t\t<\/a>\n\t\t<\/div>\n\t\t\t\t<\/div>\n\t\t\t\t<\/div>\n\t\t\t\t\t<\/div>\n\t\t\t\t<\/div>\n\t\t<div class=\"elementor-element elementor-element-1d419ff e-flex e-con-boxed e-con e-parent\" data-id=\"1d419ff\" data-element_type=\"container\" data-settings=\"{&quot;background_background&quot;:&quot;gradient&quot;}\">\n\t\t\t\t\t<div class=\"e-con-inner\">\n\t\t<div class=\"elementor-element elementor-element-c9e066d e-con-full e-flex e-con e-child\" data-id=\"c9e066d\" data-element_type=\"container\">\n\t\t\t\t<div class=\"elementor-element elementor-element-47fe15c elementor-widget-mobile__width-initial elementor-widget elementor-widget-text-editor\" data-id=\"47fe15c\" data-element_type=\"widget\" data-widget_type=\"text-editor.default\">\n\t\t\t\t<div class=\"elementor-widget-container\">\n\t\t\t\t\t\t\t<p><span style=\"font-family: arial, sans-serif;\">Sabias que os astronautas no espa\u00e7o enfrentam desafios semelhantes aos de pessoas que come\u00e7am a envelhecer na Terra?<\/span><\/p><p><span style=\"font-family: arial, sans-serif;\">O\u00a0<strong>Projeto ASTROPOWER<\/strong>\u00a0estuda estas semelhan\u00e7as e vai testar uma solu\u00e7\u00e3o inovadora:\u00a0<strong>ouvir o som da atividade el\u00e9trica do m\u00fasculo durante o treino<\/strong>.<\/span><\/p><p><span style=\"font-family: arial, sans-serif;\">E tu podes fazer parte desta investiga\u00e7\u00e3o!<\/span><\/p><p><img decoding=\"async\" class=\"an1 CToWUd alignleft\" draggable=\"false\" src=\"https:\/\/fonts.gstatic.com\/s\/e\/notoemoji\/16.0\/1f4cc\/32.png\" alt=\"\ud83d\udccc\" width=\"19\" height=\"19\" data-emoji=\"\ud83d\udccc\" aria-label=\"\ud83d\udccc\" data-bit=\"iit\" \/>\u00a0 <strong>Como Podes Participar?<\/strong><\/p><p><span style=\"font-family: arial, sans-serif;\">Podes inscrever-te como\u00a0<strong>assistente das sess\u00f5es de treino<\/strong>.<br \/>Nesta fun\u00e7\u00e3o vais:<\/span><\/p><ul><li><p><span style=\"font-family: arial, sans-serif;\">Ajudar na recolha de\u00a0<b>dados fisiol\u00f3gicos<\/b>\u00a0(EMG, ACC e For\u00e7a).<\/span><\/p><\/li><li><p><span style=\"font-family: arial, sans-serif;\">Auxiliar os participantes na realiza\u00e7\u00e3o dos\u00a0<b>treinos<\/b>\u00a0de\u00a0<b>pot\u00eancia muscular<\/b>.<\/span><\/p><\/li><li><p><span style=\"font-family: arial, sans-serif;\">Trabalhar sempre com forma\u00e7\u00e3o pr\u00e9via e\u00a0<b>acompanhamento de um investigador<\/b>.<\/span><\/p><\/li><\/ul>\t\t\t\t\t\t<\/div>\n\t\t\t\t<\/div>\n\t\t<div class=\"elementor-element elementor-element-773cad9 e-con-full e-flex e-con e-child\" data-id=\"773cad9\" data-element_type=\"container\" data-settings=\"{&quot;background_background&quot;:&quot;gradient&quot;}\">\n\t\t<div class=\"elementor-element elementor-element-8e83cbf e-con-full e-flex e-con e-child\" data-id=\"8e83cbf\" data-element_type=\"container\">\n\t\t\t\t<div class=\"elementor-element elementor-element-3f688af elementor-widget-mobile__width-initial elementor-widget elementor-widget-text-editor\" data-id=\"3f688af\" data-element_type=\"widget\" data-widget_type=\"text-editor.default\">\n\t\t\t\t<div class=\"elementor-widget-container\">\n\t\t\t\t\t\t\t<p><img decoding=\"async\" draggable=\"false\" src=\"https:\/\/fonts.gstatic.com\/s\/e\/notoemoji\/16.0\/1f4c5\/32.png\" alt=\"\ud83d\udcc5\" width=\"20\" height=\"20\" data-emoji=\"\ud83d\udcc5\" aria-label=\"\ud83d\udcc5\" data-bit=\"iit\" \/>\u00a0<strong>Compromisso<\/strong>:\u00a0<\/p><p>\u00a0<b>2x<\/b> p<span style=\"font-weight: bold; background-color: transparent; font-size: 1rem;\">or semana<\/span><span style=\"background-color: transparent; font-size: 1rem;\">\u00a0um <\/span><b style=\"background-color: transparent; font-size: 1rem;\">total<\/b><span style=\"background-color: transparent; font-size: 1rem;\"> de <\/span><b style=\"background-color: transparent; font-size: 1rem;\">1 hora,<\/b><span style=\"background-color: transparent; font-size: 1rem;\"> durante<\/span><b style=\"background-color: transparent; font-size: 1rem;\"> 1 m\u00eas e meio.<\/b><\/p><p>Acompanhando um dos sujeitos do estudo com desloca\u00e7\u00e3o \u00e0s instala\u00e7\u00f5es da <strong>Universidade S\u00e9nior de Almada (USALMA).<\/strong><\/p>\t\t\t\t\t\t<\/div>\n\t\t\t\t<\/div>\n\t\t\t\t<\/div>\n\t\t<div class=\"elementor-element elementor-element-2550bf0 e-con-full e-flex e-con e-child\" data-id=\"2550bf0\" data-element_type=\"container\">\n\t\t\t\t<div class=\"elementor-element elementor-element-cdb72ab elementor-widget elementor-widget-google_maps\" data-id=\"cdb72ab\" data-element_type=\"widget\" data-widget_type=\"google_maps.default\">\n\t\t\t\t<div class=\"elementor-widget-container\">\n\t\t\t\t\t<div class=\"elementor-custom-embed\">\n\t\t\t<iframe loading=\"lazy\"\n\t\t\t\t\tsrc=\"https:\/\/maps.google.com\/maps?q=USALMA&#038;t=m&#038;z=14&#038;output=embed&#038;iwloc=near\"\n\t\t\t\t\ttitle=\"USALMA\"\n\t\t\t\t\taria-label=\"USALMA\"\n\t\t\t><\/iframe>\n\t\t<\/div>\n\t\t\t\t<\/div>\n\t\t\t\t<\/div>\n\t\t\t\t<\/div>\n\t\t\t\t<\/div>\n\t\t\t\t<div class=\"elementor-element elementor-element-32ce953 elementor-widget-mobile__width-initial elementor-widget elementor-widget-text-editor\" data-id=\"32ce953\" data-element_type=\"widget\" data-widget_type=\"text-editor.default\">\n\t\t\t\t<div class=\"elementor-widget-container\">\n\t\t\t\t\t\t\t<p><b><img decoding=\"async\" draggable=\"false\" src=\"https:\/\/fonts.gstatic.com\/s\/e\/notoemoji\/16.0\/1f4cd\/32.png\" alt=\"\ud83d\udccd\" width=\"23\" height=\"23\" data-emoji=\"\ud83d\udccd\" aria-label=\"\ud83d\udccd\" data-bit=\"iit\" \/>Como chegar l\u00e1?<\/b><\/p><p><span style=\"font-family: arial, sans-serif;\">Podes apanhar o metro (<b>Paragem: Universidade<\/b>) ou autocarro (<b>Paragem: Monte Caparica (Fct) Rotunda<\/b>):<br \/><strong>Metro:<\/strong><\/span><\/p><ul><li><span style=\"font-family: arial, sans-serif;\"><b>Linha 3 Cacilhas\u00a0<\/b>(Universidade &#8211; S.Jo\u00e3o Baptista)<\/span><\/li><\/ul><p><strong><span style=\"font-family: arial, sans-serif;\">Autocarros:\u00a0<\/span><\/strong><\/p><ul><li><b>3009 Cacilhas (Terminal)<\/b>\u00a0(Monte Caparica (Fct) Rotunda &#8211; Av D Nuno \u00c1lv Pereira P\u00e7a S J Baptista)<\/li><li><b>3022 Cacilhas (Terminal)<\/b>\u00a0(Monte Caparica (Fct) Rotunda &#8211; Av D Nuno \u00c1lv Pereira P\u00e7a S J Baptista)<\/li><li><b>3012 Cacilhas (Terminal)<\/b> ( Monte Caparica (Fct) Rotunda &#8211; Av D Nuno \u00c1lv Pereira P\u00e7a S J Baptista)<\/li><li>\u00a0<\/li><\/ul><p><span style=\"font-family: arial, sans-serif;\"><img loading=\"lazy\" decoding=\"async\" class=\"an1 CToWUd\" draggable=\"false\" src=\"https:\/\/fonts.gstatic.com\/s\/e\/notoemoji\/16.0\/2728\/32.png\" alt=\"\u2728\" width=\"22\" height=\"22\" data-emoji=\"\u2728\" aria-label=\"\u2728\" data-bit=\"iit\" \/>\u00a0<strong>O que ganhas com isto<\/strong><\/span><\/p><ul><li><b>Cr\u00e9ditos<\/b>\u00a0para o\u00a0<b>est\u00e1gio<\/b>\u00a0do per\u00edodo intercalar.<\/li><li><span style=\"font-family: arial, sans-serif;\"><b>Experi\u00eancia pr\u00e1tica<\/b>\u00a0de recolha e an\u00e1lise de biosinais.<\/span><\/li><li><span style=\"font-family: arial, sans-serif;\">Forma\u00e7\u00e3o em processamento de\u00a0<b>dados fisiol\u00f3gicos<\/b>.<\/span><\/li><li><span style=\"font-family: arial, sans-serif;\"><b>Acompanhamento<\/b>\u00a0da evolu\u00e7\u00e3o e elabora\u00e7\u00e3o de um\u00a0<b>relat\u00f3rio de performance<\/b>\u00a0dos\u00a0<b>atletas idosos\u00a0<\/b>que te s\u00e3o atribu\u00eddos.<\/span><\/li><li><p><span style=\"font-family: arial, sans-serif;\">Contacto direto com uma \u00e1rea da Engenharia Biom\u00e9dica que cruza\u00a0<b>desporto<\/b>\u00a0e\u00a0<b>biossinais<\/b><\/span><\/p><\/li><\/ul>\t\t\t\t\t\t<\/div>\n\t\t\t\t<\/div>\n\t\t\t\t<\/div>\n\t\t\t\t\t<\/div>\n\t\t\t\t<\/div>\n\t\t\t\t<\/div>\n\t\t","protected":false},"excerpt":{"rendered":"<p>OPORTUNIDADE English Sabias que os astronautas no espa\u00e7o enfrentam desafios semelhantes aos de pessoas que come\u00e7am a envelhecer na Terra? O\u00a0Projeto ASTROPOWER\u00a0estuda estas semelhan\u00e7as e vai testar uma solu\u00e7\u00e3o inovadora:\u00a0ouvir o som da atividade el\u00e9trica do m\u00fasculo durante o treino. E tu podes fazer parte desta investiga\u00e7\u00e3o! \u00a0 Como Podes Participar? Podes inscrever-te como\u00a0assistente das [&hellip;]<\/p>\n","protected":false},"author":1,"featured_media":0,"parent":0,"menu_order":0,"comment_status":"closed","ping_status":"closed","template":"elementor_header_footer","meta":{"footnotes":""},"class_list":["post-454","page","type-page","status-publish","hentry"],"_links":{"self":[{"href":"https:\/\/www.astro-power.eu\/index.php?rest_route=\/wp\/v2\/pages\/454","targetHints":{"allow":["GET"]}}],"collection":[{"href":"https:\/\/www.astro-power.eu\/index.php?rest_route=\/wp\/v2\/pages"}],"about":[{"href":"https:\/\/www.astro-power.eu\/index.php?rest_route=\/wp\/v2\/types\/page"}],"author":[{"embeddable":true,"href":"https:\/\/www.astro-power.eu\/index.php?rest_route=\/wp\/v2\/users\/1"}],"replies":[{"embeddable":true,"href":"https:\/\/www.astro-power.eu\/index.php?rest_route=%2Fwp%2Fv2%2Fcomments&post=454"}],"version-history":[{"count":31,"href":"https:\/\/www.astro-power.eu\/index.php?rest_route=\/wp\/v2\/pages\/454\/revisions"}],"predecessor-version":[{"id":509,"href":"https:\/\/www.astro-power.eu\/index.php?rest_route=\/wp\/v2\/pages\/454\/revisions\/509"}],"wp:attachment":[{"href":"https:\/\/www.astro-power.eu\/index.php?rest_route=%2Fwp%2Fv2%2Fmedia&parent=454"}],"curies":[{"name":"wp","href":"https:\/\/api.w.org\/{rel}","templated":true}]}}